{"id":16,"date":"2025-06-16T08:31:39","date_gmt":"2025-06-16T08:31:39","guid":{"rendered":"https:\/\/bsm.cuco.dev\/?page_id=16"},"modified":"2025-06-19T12:43:34","modified_gmt":"2025-06-19T12:43:34","slug":"ueber-uns","status":"publish","type":"page","link":"https:\/\/bsm.cuco.dev\/index.php\/ueber-uns\/","title":{"rendered":"\u00dcber uns"},"content":{"rendered":"[vc_row type=&#8220;full_width_background&#8220; full_screen_row_position=&#8220;middle&#8220; column_margin=&#8220;default&#8220; equal_height=&#8220;yes&#8220; content_placement=&#8220;middle&#8220; column_direction=&#8220;default&#8220; column_direction_tablet=&#8220;default&#8220; column_direction_phone=&#8220;default&#8220; scene_position=&#8220;center&#8220; top_padding=&#8220;7%&#8220; bottom_padding=&#8220;7%&#8220; text_color=&#8220;dark&#8220; text_align=&#8220;left&#8220; row_border_radius=&#8220;none&#8220; row_border_radius_applies=&#8220;bg&#8220; overflow=&#8220;visible&#8220; overlay_strength=&#8220;0.3&#8243; gradient_direction=&#8220;left_to_right&#8220; shape_divider_position=&#8220;bottom&#8220; bg_image_animation=&#8220;none&#8220;][vc_column column_padding=&#8220;padding-3-percent&#8220; column_padding_tablet=&#8220;inherit&#8220; column_padding_phone=&#8220;inherit&#8220; column_padding_position=&#8220;all&#8220; column_element_direction_desktop=&#8220;default&#8220; column_element_spacing=&#8220;default&#8220; desktop_text_alignment=&#8220;default&#8220; tablet_text_alignment=&#8220;default&#8220; phone_text_alignment=&#8220;default&#8220; background_color_opacity=&#8220;1&#8243; background_hover_color_opacity=&#8220;1&#8243; column_backdrop_filter=&#8220;none&#8220; column_shadow=&#8220;none&#8220; column_border_radius=&#8220;none&#8220; column_link_target=&#8220;_self&#8220; column_position=&#8220;default&#8220; gradient_direction=&#8220;left_to_right&#8220; overlay_strength=&#8220;0.3&#8243; width=&#8220;1\/2&#8243; tablet_width_inherit=&#8220;default&#8220; animation_type=&#8220;default&#8220; bg_image_animation=&#8220;none&#8220; border_type=&#8220;simple&#8220; column_border_width=&#8220;none&#8220; column_border_style=&#8220;solid&#8220;][nectar_cascading_images image_1_url=&#8220;https:\/\/themenectar.com\/img\/demo-media\/unsplash\/webp\/large-clouds.webp&#8220; image_1_offset_x_sign=&#8220;+&#8220; image_1_offset_x=&#8220;0%&#8220; image_1_offset_y_sign=&#8220;-&#8220; image_1_offset_y=&#8220;55%&#8220; image_1_rotate_sign=&#8220;+&#8220; image_1_rotate=&#8220;none&#8220; image_1_scale=&#8220;1&#8243; image_1_animation=&#8220;Grow In&#8220; image_1_padding=&#8220;auto&#8220; image_1_box_shadow=&#8220;none&#8220; image_1_max_width_desktop=&#8220;100%&#8220; image_1_max_width_mobile=&#8220;100%&#8220; image_1_image_width_mobile=&#8220;default&#8220; image_2_url=&#8220;https:\/\/themenectar.com\/img\/demo-media\/unsplash\/webp\/large-mountain.webp&#8220; image_2_offset_x_sign=&#8220;+&#8220; image_2_offset_x=&#8220;50%&#8220; image_2_offset_y_sign=&#8220;+&#8220; image_2_offset_y=&#8220;35%&#8220; image_2_rotate_sign=&#8220;+&#8220; image_2_rotate=&#8220;none&#8220; image_2_scale=&#8220;1&#8243; image_2_animation=&#8220;Grow In&#8220; image_2_padding=&#8220;auto&#8220; image_2_box_shadow=&#8220;none&#8220; image_2_max_width_desktop=&#8220;100%&#8220; image_2_max_width_mobile=&#8220;100%&#8220; image_2_image_width_mobile=&#8220;default&#8220; image_3_url=&#8220;https:\/\/themenectar.com\/img\/demo-media\/unsplash\/webp\/large-sunflowers.webp&#8220; image_3_offset_x_sign=&#8220;-&#8220; image_3_offset_x=&#8220;35%&#8220; image_3_offset_y_sign=&#8220;+&#8220; image_3_offset_y=&#8220;30%&#8220; image_3_rotate_sign=&#8220;+&#8220; image_3_rotate=&#8220;none&#8220; image_3_scale=&#8220;1&#8243; image_3_animation=&#8220;Grow In&#8220; image_3_padding=&#8220;auto&#8220; image_3_box_shadow=&#8220;x_large_depth&#8220; image_3_max_width_desktop=&#8220;100%&#8220; image_3_max_width_mobile=&#8220;100%&#8220; image_3_image_width_mobile=&#8220;default&#8220; image_4_offset_x_sign=&#8220;+&#8220; image_4_offset_x=&#8220;0%&#8220; image_4_offset_y_sign=&#8220;+&#8220; image_4_offset_y=&#8220;0%&#8220; image_4_rotate_sign=&#8220;+&#8220; image_4_rotate=&#8220;none&#8220; image_4_scale=&#8220;1&#8243; image_4_animation=&#8220;Fade In&#8220; image_4_padding=&#8220;auto&#8220; image_4_box_shadow=&#8220;none&#8220; image_4_max_width_desktop=&#8220;100%&#8220; image_4_max_width_mobile=&#8220;100%&#8220; image_4_image_width_mobile=&#8220;default&#8220; element_sizing=&#8220;default&#8220; image_loading=&#8220;default&#8220; border_radius=&#8220;none&#8220; overflow=&#8220;visible&#8220;][\/vc_column][vc_column column_padding=&#8220;padding-6-percent&#8220; column_padding_tablet=&#8220;inherit&#8220; column_padding_phone=&#8220;inherit&#8220; column_padding_position=&#8220;left&#8220; column_element_direction_desktop=&#8220;default&#8220; column_element_spacing=&#8220;default&#8220; desktop_text_alignment=&#8220;default&#8220; tablet_text_alignment=&#8220;default&#8220; phone_text_alignment=&#8220;default&#8220; background_color_opacity=&#8220;1&#8243; background_hover_color_opacity=&#8220;1&#8243; column_backdrop_filter=&#8220;none&#8220; column_shadow=&#8220;none&#8220; column_border_radius=&#8220;none&#8220; column_link_target=&#8220;_self&#8220; column_position=&#8220;default&#8220; gradient_direction=&#8220;left_to_right&#8220; overlay_strength=&#8220;0.3&#8243; width=&#8220;1\/2&#8243; tablet_width_inherit=&#8220;default&#8220; animation_type=&#8220;default&#8220; bg_image_animation=&#8220;none&#8220; border_type=&#8220;simple&#8220; column_border_width=&#8220;none&#8220; column_border_style=&#8220;solid&#8220;][split_line_heading animation_type=&#8220;line-reveal-by-space&#8220; font_style=&#8220;h2&#8243; text_color=&#8220;#188044&#8243; line_reveal_by_space_text_effect=&#8220;default&#8220; content_alignment=&#8220;default&#8220; mobile_content_alignment=&#8220;inherit&#8220; link_target=&#8220;_self&#8220; text_content=&#8220;Die BSM Bausanierungs GmbH kann auf \u00fcber 20 Jahre Erfahrung zur\u00fcckblicken.&#8220; text_direction=&#8220;default&#8220;][\/split_line_heading][vc_column_text css=&#8220;&#8220; text_direction=&#8220;default&#8220;]Die Schwerpunkte unseres Leistungsangebots sind die Holzsch\u00e4dlingsbek\u00e4mpfung im Hei\u00dfluftverfahren, die Schadstoff-Sanierung und Entsorgung (Asbest, PAK, PCB etc.), die Taubenabwehr und Vergr\u00e4mung, die Bausanierung und Mauerwerkstrockenlegung sowie der Innenausbau und die \u00f6kologische W\u00e4rmed\u00e4mmung.<\/p>\n<p>Au\u00dferdem bieten wir Abbrucharbeiten aller Art an, wobei die Spezialisierung auf dem staubarmen Abbruch bei gleichzeitiger Nutzung der angrenzenden R\u00e4umlichkeiten liegt.<\/p>\n<p>Des weiteren vermieten wir Lufterhitzer zur Bauaustrocknung.<\/p>\n<p>Sie haben noch Fragen oder ben\u00f6tigen ein detailliertes Angebot?<br \/>\nHerr Rainer Gr\u00fcnen steht Ihnen gerne jederzeit zur Verf\u00fcgung.[\/vc_column_text][\/vc_column][\/vc_row]\n","protected":false},"excerpt":{"rendered":"<p>[vc_row type=&#8220;full_width_background&#8220; full_screen_row_position=&#8220;middle&#8220; column_margin=&#8220;default&#8220; equal_height=&#8220;yes&#8220; content_placement=&#8220;middle&#8220; column_direction=&#8220;default&#8220; column_direction_tablet=&#8220;default&#8220; column_direction_phone=&#8220;default&#8220; scene_position=&#8220;center&#8220; top_padding=&#8220;7%&#8220; bottom_padding=&#8220;7%&#8220; text_color=&#8220;dark&#8220; text_align=&#8220;left&#8220; row_border_radius=&#8220;none&#8220; row_border_radius_applies=&#8220;bg&#8220; overflow=&#8220;visible&#8220; overlay_strength=&#8220;0.3&#8243; gradient_direction=&#8220;left_to_right&#8220; shape_divider_position=&#8220;bottom&#8220; bg_image_animation=&#8220;none&#8220;][vc_column column_padding=&#8220;padding-3-percent&#8220; column_padding_tablet=&#8220;inherit&#8220; column_padding_phone=&#8220;inherit&#8220; column_padding_position=&#8220;all&#8220; column_element_direction_desktop=&#8220;default&#8220; column_element_spacing=&#8220;default&#8220; desktop_text_alignment=&#8220;default&#8220; tablet_text_alignment=&#8220;default&#8220; phone_text_alignment=&#8220;default&#8220;&#8230;<\/p>\n","protected":false},"author":1,"featured_media":0,"parent":0,"menu_order":0,"comment_status":"closed","ping_status":"closed","template":"","meta":{"footnotes":""},"class_list":["post-16","page","type-page","status-publish"],"_links":{"self":[{"href":"https:\/\/bsm.cuco.dev\/index.php\/wp-json\/wp\/v2\/pages\/16","targetHints":{"allow":["GET"]}}],"collection":[{"href":"https:\/\/bsm.cuco.dev\/index.php\/wp-json\/wp\/v2\/pages"}],"about":[{"href":"https:\/\/bsm.cuco.dev\/index.php\/wp-json\/wp\/v2\/types\/page"}],"author":[{"embeddable":true,"href":"https:\/\/bsm.cuco.dev\/index.php\/wp-json\/wp\/v2\/users\/1"}],"replies":[{"embeddable":true,"href":"https:\/\/bsm.cuco.dev\/index.php\/wp-json\/wp\/v2\/comments?post=16"}],"version-history":[{"count":5,"href":"https:\/\/bsm.cuco.dev\/index.php\/wp-json\/wp\/v2\/pages\/16\/revisions"}],"predecessor-version":[{"id":182,"href":"https:\/\/bsm.cuco.dev\/index.php\/wp-json\/wp\/v2\/pages\/16\/revisions\/182"}],"wp:attachment":[{"href":"https:\/\/bsm.cuco.dev\/index.php\/wp-json\/wp\/v2\/media?parent=16"}],"curies":[{"name":"wp","href":"https:\/\/api.w.org\/{rel}","templated":true}]}}